{"id":2,"date":"2017-08-23T00:25:54","date_gmt":"2017-08-23T00:25:54","guid":{"rendered":"http:\/\/mikolajkowalski.pl\/?page_id=2"},"modified":"2025-06-01T17:23:22","modified_gmt":"2025-06-01T17:23:22","slug":"about","status":"publish","type":"page","link":"http:\/\/mikolajkowalski.pl\/?page_id=2","title":{"rendered":"Bio"},"content":{"rendered":"\n<p class=\"has-text-align-center\">Miko\u0142aj Kowalski<\/p>\n\n\n\n<p class=\"has-text-align-center\"><strong><a href=\"http:\/\/mikolajkowalski.pl\/wp-content\/uploads\/2024\/12\/Mikolaj-Kowalski-portfolio-2024.pdf\">Portfolio do pobrania<\/a><\/strong><\/p>\n\n\n\n<p>&nbsp;<\/p>\n\n\n\n<p>Artysta urodzony w 1991 roku w Lublinie, gdzie mieszka i pracuje. Studiowa\u0142 Malarstwo na Wydziale Artystycznym UMCS w pracowni profesora Jacka Wojciechowskiego. W roku 2014 zosta\u0142 nagrodzony wyr\u00f3\u017cnieniem dziekana za dyplom licencjacki pod tytu\u0142em Obraz Przedmiotu, nast\u0119pnie w roku 2016 otrzyma\u0142 wyr\u00f3\u017cnienie za dyplom magisterski pod tytu\u0142em Farbop\u0142ot. Wystawia\u0142 swoje prace na kilkudziesi\u0119ciu wystawach zbiorowych i kilku indywidualnych w kraju i za granic\u0105. Mi\u0119dzy innymi na wystawach: Bez obrazy, Galeria Labirynt w Lublinie; Nic tu nie ma, Miejsce Projekt\u00f3w Zach\u0119ty w Warszawie; Drobiazgi, Galeria Bia\u0142a w Lublinie. By\u0142 stypendyst\u0105 kilku program\u00f3w stypendialnych w tym Stypendium Ministra Nauki i Szkolnictwa Wy\u017cszego. W roku 2017 zdoby\u0142 Grand Prix w konkursie Promocje 2017 w Legnicy. W maju 2019 roku na Lubelskiej Gali Kultury otrzyma\u0142 za dzia\u0142alno\u015b\u0107 artystyczn\u0105 Nagrod\u0119 Okoliczno\u015bciow\u0105. Jest tak\u017ce laureatem Lubelskiej Nagrody Kulturalnej \u017burawie w kategorii Obraz (2021) oraz Nagrody Marsza\u0142ka Wojew\u00f3dztwa na og\u00f3lnopolskim konkursie malarskim Lubelska Wiosna (2023). Uko\u0144czy\u0142 Szko\u0142\u0119 Doktorsk\u0105 Nauk Humanistycznych i Sztuki na macierzystej uczelni a rok p\u00f3\u017aniej z wyr\u00f3\u017cnieniem obroni\u0142 prac\u0119 doktorsk\u0105 prezentowan\u0105 na wystawie Drobiazgi w Galerii Bia\u0142ej w Lublinie.<\/p>\n\n\n\n<p><\/p>\n\n\n\n<p>Nagrody:<\/p>\n\n\n\n<p>Nagroda Marsza\u0142ka Wojew\u00f3dztwa na og\u00f3lnopolskim konkursie malarskim Lubelska Wiosna 2023 <\/p>\n\n\n\n<p>Lubelskiej Nagrody Kulturalnej \u017burawie w kategorii Obraz 2021<\/p>\n\n\n\n<p>Nagroda Okoliczno\u015bciowa za dzia\u0142alno\u015b\u0107 artystyczn\u0105 na Lubelskiej Gali Kultury 2019<\/p>\n\n\n\n<p>Grand Prix w konkursie Promocje 2017 w Legnicy<\/p>\n\n\n\n<p>Pierwsza nagroda Fundacji Marka M. Pie\u0144kowskiego 2016<\/p>\n\n\n\n<p><\/p>\n\n\n\n<p>Rezydencje:<\/p>\n\n\n\n<p>Pie\u0144k\u00f3w Art Residency (Lipinki, Polska, 2016)<\/p>\n\n\n\n<p>Les ateliers des Soeurs Macarons (Nancy, Francja, 2017) <\/p>\n\n\n\n<p>.<\/p>\n\n\n\n<p><a href=\"http:\/\/instagram.com\/brombatromba\"><strong>instagram.com\/brombatromba<\/strong><\/a><\/p>\n\n\n\n<p><strong><a href=\"http:\/\/labirynt.com\/wp-content\/uploads\/2017\/01\/mikolaj-tekst-pl-na-www.pdf\">Tekst Agnieszki Cie\u015blak towarzysz\u0105cy wystawie <em>Nic nadzwyczajnego do pobrania<\/em> ze strony Galerii Labirynt.<\/a><\/strong><\/p>\n\n\n\n<p><strong><span style=\"color: #0000ff;\"><a href=\"http:\/\/mikolajkowalski.pl\/wp-content\/uploads\/2018\/08\/Tekst-Ma\u0142gorzaty-Pawlak-do-wystawy-Szara-codzienno\u015b\u0107.pdf\">Tekst Ma\u0142gorzaty Pawlak z katalogu do wystawy <em>Szara codzienno\u015b\u0107<\/em>.<\/a><\/span><\/strong><\/p>\n\n\n\n<p><strong><a href=\"https:\/\/magazynszum.pl\/zmiana-czasu-malgorzaty-pawlak-i-mikolaja-kowalskiego-w-galerii-nanazenit\/\">Tekst Ma\u0142gorzaty Pawlak towarzysz\u0105cy wystawie <em>Zmiana czasu<\/em> w Galerii Nanazenit.<\/a><\/strong><\/p>\n\n\n\n<p>&nbsp;<\/p>\n\n\n\n<p class=\"has-text-align-center\">Miko\u0142aj Kowalski<\/p>\n\n\n\n<p class=\"has-text-align-center\"><a href=\"http:\/\/mikolajkowalski.pl\/wp-content\/uploads\/2023\/06\/Mikolaj-Kowalski-portfolio-2023.pdf\"><strong>Download portfolio<\/strong><\/a><\/p>\n\n\n\n<p>Artist born in 1991 in Lublin, where he lives and works. He studied Painting at the Faculty of Arts of the Maria Curie-Sk\u0142odowska University in the studio of professor Jacek Wojciechowski. In 2014, he was awarded the Dean&#8217;s distinction for his bachelor&#8217;s diploma entitled Image of the Object, then in 2016 he gained a distinction for his master&#8217;s diploma titled Farbop\u0142ot. He exhibited his works at several dozen collective and several individual exhibitions in Poland and abroad. He participated in two residency programs: Pie\u0144k\u00f3w Art Residency (Lipinki, Poland, 2016) and Les ateliers des S\u0153urs Macarons (Nancy, France, 2017). He was a scholarship holder of several scholarship programs, including the Scholarship of the Minister of Science and Higher Education. In 2016, he received the First Prize of the Marek M. Pie\u0144kowski Foundation. A year later, he won the Grand Prix in the 2017 Promotions competition in Legnica. In May 2019, at the Lublin Cultural Gala, he received the Occasional Award for his artistic activity. He is also a laureate of the Lublin Cultural Award \u017burawie in the Image category (2021). He is currently a PhD student at his alma mater.<\/p>\n\n\n\n<p><strong><a href=\"http:\/\/instagram.com\/brombatromba\">instagram.com\/brombatromba<\/a><\/strong><\/p>\n\n\n\n<p><a href=\"http:\/\/labirynt.com\/wp-content\/uploads\/2017\/01\/mikolaj-teksten-na-www.pdf\"><strong>A text by Agnieszka Cie\u015blak for the exhibition <em>Nothing Extraordinary<\/em> in Labirynt Gallery.<\/strong><\/a><\/p>\n\n\n\n<p><\/p>\n","protected":false},"excerpt":{"rendered":"<p>Miko\u0142aj Kowalski Portfolio do pobrania &nbsp; Artysta urodzony w 1991 roku w Lublinie, gdzie mieszka i pracuje. Studiowa\u0142 Malarstwo na Wydziale Artystycznym UMCS w pracowni profesora Jacka Wojciechowskiego. W roku 2014 zosta\u0142 nagrodzony wyr\u00f3\u017cnieniem dziekana za dyplom licencjacki pod tytu\u0142em Obraz Przedmiotu, nast\u0119pnie w roku 2016 otrzyma\u0142 wyr\u00f3\u017cnienie za dyplom magisterski pod tytu\u0142em Farbop\u0142ot. Wystawia\u0142 [&hellip;]<\/p>\n","protected":false},"author":1,"featured_media":0,"parent":0,"menu_order":0,"comment_status":"closed","ping_status":"closed","template":"","meta":{"footnotes":""},"tags":[4],"class_list":["post-2","page","type-page","status-publish","hentry","tag-mikolaj-kowalski-malarstwo"],"_links":{"self":[{"href":"http:\/\/mikolajkowalski.pl\/index.php?rest_route=\/wp\/v2\/pages\/2","targetHints":{"allow":["GET"]}}],"collection":[{"href":"http:\/\/mikolajkowalski.pl\/index.php?rest_route=\/wp\/v2\/pages"}],"about":[{"href":"http:\/\/mikolajkowalski.pl\/index.php?rest_route=\/wp\/v2\/types\/page"}],"author":[{"embeddable":true,"href":"http:\/\/mikolajkowalski.pl\/index.php?rest_route=\/wp\/v2\/users\/1"}],"replies":[{"embeddable":true,"href":"http:\/\/mikolajkowalski.pl\/index.php?rest_route=%2Fwp%2Fv2%2Fcomments&post=2"}],"version-history":[{"count":32,"href":"http:\/\/mikolajkowalski.pl\/index.php?rest_route=\/wp\/v2\/pages\/2\/revisions"}],"predecessor-version":[{"id":1065,"href":"http:\/\/mikolajkowalski.pl\/index.php?rest_route=\/wp\/v2\/pages\/2\/revisions\/1065"}],"wp:attachment":[{"href":"http:\/\/mikolajkowalski.pl\/index.php?rest_route=%2Fwp%2Fv2%2Fmedia&parent=2"}],"wp:term":[{"taxonomy":"post_tag","embeddable":true,"href":"http:\/\/mikolajkowalski.pl\/index.php?rest_route=%2Fwp%2Fv2%2Ftags&post=2"}],"curies":[{"name":"wp","href":"https:\/\/api.w.org\/{rel}","templated":true}]}}